{"id":9446,"date":"2022-03-30T17:14:14","date_gmt":"2022-03-30T17:14:14","guid":{"rendered":"http:\/\/www.naturalmentepanama.com\/viaggio\/"},"modified":"2024-06-22T00:03:04","modified_gmt":"2024-06-22T00:03:04","slug":"viaggio","status":"publish","type":"page","link":"https:\/\/www.naturalmentepanama.com\/it\/viaggio\/","title":{"rendered":"Viaggio"},"content":{"rendered":"\t\t<div data-elementor-type=\"wp-page\" data-elementor-id=\"9446\" class=\"elementor elementor-9446 elementor-7193\" data-elementor-post-type=\"page\">\n\t\t\t\t\t\t<section class=\"elementor-section elementor-top-section elementor-element elementor-element-f2afef4 elementor-section-stretched elementor-section-boxed elementor-section-height-default elementor-section-height-default\" data-id=\"f2afef4\" data-element_type=\"section\" data-e-type=\"section\" data-settings=\"{&quot;stretch_section&quot;:&quot;section-stretched&quot;,&quot;background_background&quot;:&quot;classic&quot;}\">\n\t\t\t\t\t\t\t<div class=\"elementor-background-overlay\"><\/div>\n\t\t\t\t\t\t\t<div class=\"elementor-container elementor-column-gap-default\">\n\t\t\t\t\t<div class=\"elementor-column elementor-col-33 elementor-top-column elementor-element elementor-element-e111560\" data-id=\"e111560\" data-element_type=\"column\" data-e-type=\"column\">\n\t\t\t<div class=\"elementor-widget-wrap\">\n\t\t\t\t\t\t\t<\/div>\n\t\t<\/div>\n\t\t\t\t<div class=\"elementor-column elementor-col-33 elementor-top-column elementor-element elementor-element-2cf2ba7\" data-id=\"2cf2ba7\" data-element_type=\"column\" data-e-type=\"column\">\n\t\t\t<div class=\"elementor-widget-wrap elementor-element-populated\">\n\t\t\t\t\t\t<div class=\"elementor-element elementor-element-31a7fff elementor-invisible elementor-widget elementor-widget-image\" data-id=\"31a7fff\" data-element_type=\"widget\" data-e-type=\"widget\" data-settings=\"{&quot;_animation&quot;:&quot;fadeIn&quot;}\" data-widget_type=\"image.default\">\n\t\t\t\t<div class=\"elementor-widget-container\">\n\t\t\t\t\t\t\t\t\t\t\t\t\t\t\t<img fetchpriority=\"high\" decoding=\"async\" width=\"513\" height=\"513\" src=\"https:\/\/www.naturalmentepanama.com\/wp-content\/uploads\/favicon.png\" class=\"attachment-full size-full wp-image-9453\" alt=\"\" srcset=\"https:\/\/www.naturalmentepanama.com\/wp-content\/uploads\/favicon.png 513w, https:\/\/www.naturalmentepanama.com\/wp-content\/uploads\/favicon-300x300.png 300w, https:\/\/www.naturalmentepanama.com\/wp-content\/uploads\/favicon-100x100.png 100w, https:\/\/www.naturalmentepanama.com\/wp-content\/uploads\/favicon-150x150.png 150w\" sizes=\"(max-width: 513px) 100vw, 513px\" \/>\t\t\t\t\t\t\t\t\t\t\t\t\t\t\t<\/div>\n\t\t\t\t<\/div>\n\t\t\t\t<div class=\"elementor-element elementor-element-b805434 elementor-widget elementor-widget-heading\" data-id=\"b805434\" data-element_type=\"widget\" data-e-type=\"widget\" data-widget_type=\"heading.default\">\n\t\t\t\t<div class=\"elementor-widget-container\">\n\t\t\t\t\t<h1 class=\"elementor-heading-title elementor-size-default\">PANAMA IN VIAGGIO<\/h1>\t\t\t\t<\/div>\n\t\t\t\t<\/div>\n\t\t\t\t<div class=\"elementor-element elementor-element-ba5b3e6 elementor-widget elementor-widget-heading\" data-id=\"ba5b3e6\" data-element_type=\"widget\" data-e-type=\"widget\" data-widget_type=\"heading.default\">\n\t\t\t\t<div class=\"elementor-widget-container\">\n\t\t\t\t\t<p class=\"elementor-heading-title elementor-size-default\">Godetevi Las Lajas, Playa Las Lajas e dintorni<\/p>\t\t\t\t<\/div>\n\t\t\t\t<\/div>\n\t\t\t\t\t<\/div>\n\t\t<\/div>\n\t\t\t\t<div class=\"elementor-column elementor-col-33 elementor-top-column elementor-element elementor-element-4d591e9\" data-id=\"4d591e9\" data-element_type=\"column\" data-e-type=\"column\">\n\t\t\t<div class=\"elementor-widget-wrap\">\n\t\t\t\t\t\t\t<\/div>\n\t\t<\/div>\n\t\t\t\t\t<\/div>\n\t\t<\/section>\n\t\t\t\t<section class=\"elementor-section elementor-top-section elementor-element elementor-element-7a8d9dc elementor-section-stretched elementor-section-full_width elementor-hidden-phone elementor-section-height-default elementor-section-height-default\" data-id=\"7a8d9dc\" data-element_type=\"section\" data-e-type=\"section\" data-settings=\"{&quot;stretch_section&quot;:&quot;section-stretched&quot;}\">\n\t\t\t\t\t\t<div class=\"elementor-container elementor-column-gap-default\">\n\t\t\t\t\t<div class=\"elementor-column elementor-col-20 elementor-top-column elementor-element elementor-element-852737f\" data-id=\"852737f\" data-element_type=\"column\" data-e-type=\"column\">\n\t\t\t<div class=\"elementor-widget-wrap elementor-element-populated\">\n\t\t\t\t\t\t<div class=\"elementor-element elementor-element-e9529e2 elementor-view-default elementor-position-block-start elementor-mobile-position-block-start elementor-widget elementor-widget-icon-box\" data-id=\"e9529e2\" data-element_type=\"widget\" data-e-type=\"widget\" data-widget_type=\"icon-box.default\">\n\t\t\t\t<div class=\"elementor-widget-container\">\n\t\t\t\t\t\t\t<div class=\"elementor-icon-box-wrapper\">\n\n\t\t\t\t\t\t<div class=\"elementor-icon-box-icon\">\n\t\t\t\t<a href=\"https:\/\/www.naturalmentepanama.com\/it\/hotel\/\" class=\"elementor-icon\" tabindex=\"-1\" aria-label=\"BED &amp; BREAKFAST\">\n\t\t\t\t<svg aria-hidden=\"true\" class=\"e-font-icon-svg e-fas-circle\" viewBox=\"0 0 512 512\" xmlns=\"http:\/\/www.w3.org\/2000\/svg\"><path d=\"M256 8C119 8 8 119 8 256s111 248 248 248 248-111 248-248S393 8 256 8z\"><\/path><\/svg>\t\t\t\t<\/a>\n\t\t\t<\/div>\n\t\t\t\n\t\t\t\t\t\t<div class=\"elementor-icon-box-content\">\n\n\t\t\t\t\t\t\t\t\t<h6 class=\"elementor-icon-box-title\">\n\t\t\t\t\t\t<a href=\"https:\/\/www.naturalmentepanama.com\/it\/hotel\/\" >\n\t\t\t\t\t\t\tBED &amp; BREAKFAST\t\t\t\t\t\t<\/a>\n\t\t\t\t\t<\/h6>\n\t\t\t\t\n\t\t\t\t\n\t\t\t<\/div>\n\t\t\t\n\t\t<\/div>\n\t\t\t\t\t\t<\/div>\n\t\t\t\t<\/div>\n\t\t\t\t\t<\/div>\n\t\t<\/div>\n\t\t\t\t<div class=\"elementor-column elementor-col-20 elementor-top-column elementor-element elementor-element-22c0aa9\" data-id=\"22c0aa9\" data-element_type=\"column\" data-e-type=\"column\">\n\t\t\t<div class=\"elementor-widget-wrap elementor-element-populated\">\n\t\t\t\t\t\t<div class=\"elementor-element elementor-element-adb0a6c elementor-view-default elementor-position-block-start elementor-mobile-position-block-start elementor-widget elementor-widget-icon-box\" data-id=\"adb0a6c\" data-element_type=\"widget\" data-e-type=\"widget\" data-widget_type=\"icon-box.default\">\n\t\t\t\t<div class=\"elementor-widget-container\">\n\t\t\t\t\t\t\t<div class=\"elementor-icon-box-wrapper\">\n\n\t\t\t\t\t\t<div class=\"elementor-icon-box-icon\">\n\t\t\t\t<a href=\"https:\/\/www.naturalmentepanama.com\/it\/restaurant\/\" class=\"elementor-icon\" tabindex=\"-1\" aria-label=\"RISTORANTE\">\n\t\t\t\t<svg aria-hidden=\"true\" class=\"e-font-icon-svg e-fas-circle\" viewBox=\"0 0 512 512\" xmlns=\"http:\/\/www.w3.org\/2000\/svg\"><path d=\"M256 8C119 8 8 119 8 256s111 248 248 248 248-111 248-248S393 8 256 8z\"><\/path><\/svg>\t\t\t\t<\/a>\n\t\t\t<\/div>\n\t\t\t\n\t\t\t\t\t\t<div class=\"elementor-icon-box-content\">\n\n\t\t\t\t\t\t\t\t\t<h6 class=\"elementor-icon-box-title\">\n\t\t\t\t\t\t<a href=\"https:\/\/www.naturalmentepanama.com\/it\/restaurant\/\" >\n\t\t\t\t\t\t\tRISTORANTE\t\t\t\t\t\t<\/a>\n\t\t\t\t\t<\/h6>\n\t\t\t\t\n\t\t\t\t\n\t\t\t<\/div>\n\t\t\t\n\t\t<\/div>\n\t\t\t\t\t\t<\/div>\n\t\t\t\t<\/div>\n\t\t\t\t\t<\/div>\n\t\t<\/div>\n\t\t\t\t<div class=\"elementor-column elementor-col-20 elementor-top-column elementor-element elementor-element-36f86d7\" data-id=\"36f86d7\" data-element_type=\"column\" data-e-type=\"column\">\n\t\t\t<div class=\"elementor-widget-wrap elementor-element-populated\">\n\t\t\t\t\t\t<div class=\"elementor-element elementor-element-14235f1 elementor-view-default elementor-position-block-start elementor-mobile-position-block-start elementor-widget elementor-widget-icon-box\" data-id=\"14235f1\" data-element_type=\"widget\" data-e-type=\"widget\" data-widget_type=\"icon-box.default\">\n\t\t\t\t<div class=\"elementor-widget-container\">\n\t\t\t\t\t\t\t<div class=\"elementor-icon-box-wrapper\">\n\n\t\t\t\t\t\t<div class=\"elementor-icon-box-icon\">\n\t\t\t\t<a href=\"https:\/\/www.naturalmentepanama.com\/it\/pizza\/\" class=\"elementor-icon\" tabindex=\"-1\" aria-label=\"PIZZA\">\n\t\t\t\t<svg aria-hidden=\"true\" class=\"e-font-icon-svg e-fas-circle\" viewBox=\"0 0 512 512\" xmlns=\"http:\/\/www.w3.org\/2000\/svg\"><path d=\"M256 8C119 8 8 119 8 256s111 248 248 248 248-111 248-248S393 8 256 8z\"><\/path><\/svg>\t\t\t\t<\/a>\n\t\t\t<\/div>\n\t\t\t\n\t\t\t\t\t\t<div class=\"elementor-icon-box-content\">\n\n\t\t\t\t\t\t\t\t\t<h6 class=\"elementor-icon-box-title\">\n\t\t\t\t\t\t<a href=\"https:\/\/www.naturalmentepanama.com\/it\/pizza\/\" >\n\t\t\t\t\t\t\tPIZZA\t\t\t\t\t\t<\/a>\n\t\t\t\t\t<\/h6>\n\t\t\t\t\n\t\t\t\t\n\t\t\t<\/div>\n\t\t\t\n\t\t<\/div>\n\t\t\t\t\t\t<\/div>\n\t\t\t\t<\/div>\n\t\t\t\t\t<\/div>\n\t\t<\/div>\n\t\t\t\t<div class=\"elementor-column elementor-col-20 elementor-top-column elementor-element elementor-element-26c8f60\" data-id=\"26c8f60\" data-element_type=\"column\" data-e-type=\"column\">\n\t\t\t<div class=\"elementor-widget-wrap elementor-element-populated\">\n\t\t\t\t\t\t<div class=\"elementor-element elementor-element-36e5f80 elementor-view-default elementor-position-block-start elementor-mobile-position-block-start elementor-widget elementor-widget-icon-box\" data-id=\"36e5f80\" data-element_type=\"widget\" data-e-type=\"widget\" data-widget_type=\"icon-box.default\">\n\t\t\t\t<div class=\"elementor-widget-container\">\n\t\t\t\t\t\t\t<div class=\"elementor-icon-box-wrapper\">\n\n\t\t\t\t\t\t<div class=\"elementor-icon-box-icon\">\n\t\t\t\t<a href=\"https:\/\/www.naturalmentepanama.com\/it\/wellness\/\" class=\"elementor-icon\" tabindex=\"-1\" aria-label=\"WELLNESS\">\n\t\t\t\t<svg aria-hidden=\"true\" class=\"e-font-icon-svg e-fas-circle\" viewBox=\"0 0 512 512\" xmlns=\"http:\/\/www.w3.org\/2000\/svg\"><path d=\"M256 8C119 8 8 119 8 256s111 248 248 248 248-111 248-248S393 8 256 8z\"><\/path><\/svg>\t\t\t\t<\/a>\n\t\t\t<\/div>\n\t\t\t\n\t\t\t\t\t\t<div class=\"elementor-icon-box-content\">\n\n\t\t\t\t\t\t\t\t\t<h6 class=\"elementor-icon-box-title\">\n\t\t\t\t\t\t<a href=\"https:\/\/www.naturalmentepanama.com\/it\/wellness\/\" >\n\t\t\t\t\t\t\tWELLNESS\t\t\t\t\t\t<\/a>\n\t\t\t\t\t<\/h6>\n\t\t\t\t\n\t\t\t\t\n\t\t\t<\/div>\n\t\t\t\n\t\t<\/div>\n\t\t\t\t\t\t<\/div>\n\t\t\t\t<\/div>\n\t\t\t\t\t<\/div>\n\t\t<\/div>\n\t\t\t\t<div class=\"elementor-column elementor-col-20 elementor-top-column elementor-element elementor-element-4afaa2b\" data-id=\"4afaa2b\" data-element_type=\"column\" data-e-type=\"column\">\n\t\t\t<div class=\"elementor-widget-wrap elementor-element-populated\">\n\t\t\t\t\t\t<div class=\"elementor-element elementor-element-76ea741 elementor-view-default elementor-position-block-start elementor-mobile-position-block-start elementor-widget elementor-widget-icon-box\" data-id=\"76ea741\" data-element_type=\"widget\" data-e-type=\"widget\" data-widget_type=\"icon-box.default\">\n\t\t\t\t<div class=\"elementor-widget-container\">\n\t\t\t\t\t\t\t<div class=\"elementor-icon-box-wrapper\">\n\n\t\t\t\t\t\t<div class=\"elementor-icon-box-icon\">\n\t\t\t\t<span  class=\"elementor-icon\">\n\t\t\t\t<svg aria-hidden=\"true\" class=\"e-font-icon-svg e-fas-circle\" viewBox=\"0 0 512 512\" xmlns=\"http:\/\/www.w3.org\/2000\/svg\"><path d=\"M256 8C119 8 8 119 8 256s111 248 248 248 248-111 248-248S393 8 256 8z\"><\/path><\/svg>\t\t\t\t<\/span>\n\t\t\t<\/div>\n\t\t\t\n\t\t\t\t\t\t<div class=\"elementor-icon-box-content\">\n\n\t\t\t\t\t\t\t\t\t<h6 class=\"elementor-icon-box-title\">\n\t\t\t\t\t\t<span  >\n\t\t\t\t\t\t\tVIAGGIO\t\t\t\t\t\t<\/span>\n\t\t\t\t\t<\/h6>\n\t\t\t\t\n\t\t\t\t\n\t\t\t<\/div>\n\t\t\t\n\t\t<\/div>\n\t\t\t\t\t\t<\/div>\n\t\t\t\t<\/div>\n\t\t\t\t\t<\/div>\n\t\t<\/div>\n\t\t\t\t\t<\/div>\n\t\t<\/section>\n\t\t\t\t<section class=\"elementor-section elementor-top-section elementor-element elementor-element-778e9dc elementor-section-content-bottom elementor-section-full_width elementor-section-height-default elementor-section-height-default\" data-id=\"778e9dc\" data-element_type=\"section\" data-e-type=\"section\">\n\t\t\t\t\t\t<div class=\"elementor-container elementor-column-gap-default\">\n\t\t\t\t\t<div class=\"elementor-column elementor-col-50 elementor-top-column elementor-element elementor-element-380e322\" data-id=\"380e322\" data-element_type=\"column\" data-e-type=\"column\">\n\t\t\t<div class=\"elementor-widget-wrap elementor-element-populated\">\n\t\t\t\t\t\t<div class=\"elementor-element elementor-element-a64563d elementor-widget elementor-widget-heading\" data-id=\"a64563d\" data-element_type=\"widget\" data-e-type=\"widget\" data-widget_type=\"heading.default\">\n\t\t\t\t<div class=\"elementor-widget-container\">\n\t\t\t\t\t<h3 class=\"elementor-heading-title elementor-size-default\">LAS LAJAS E IL TURISMO<\/h3>\t\t\t\t<\/div>\n\t\t\t\t<\/div>\n\t\t\t\t<div class=\"elementor-element elementor-element-603701f elementor-widget elementor-widget-heading\" data-id=\"603701f\" data-element_type=\"widget\" data-e-type=\"widget\" data-widget_type=\"heading.default\">\n\t\t\t\t<div class=\"elementor-widget-container\">\n\t\t\t\t\t<h1 class=\"elementor-heading-title elementor-size-default\">Turismo puro<\/h1>\t\t\t\t<\/div>\n\t\t\t\t<\/div>\n\t\t\t\t<div class=\"elementor-element elementor-element-ea42d65 elementor-widget elementor-widget-heading\" data-id=\"ea42d65\" data-element_type=\"widget\" data-e-type=\"widget\" data-widget_type=\"heading.default\">\n\t\t\t\t<div class=\"elementor-widget-container\">\n\t\t\t\t\t<p class=\"elementor-heading-title elementor-size-default\">Las Lajas \u00e8 un luogo in cui il turismo \u00e8 iniziato di recente. Ci sono scelte limitate di hotel e ristoranti, ma tutti cercano di attirare sempre pi\u00f9 turisti da tutto il mondo.<\/p>\t\t\t\t<\/div>\n\t\t\t\t<\/div>\n\t\t\t\t\t<\/div>\n\t\t<\/div>\n\t\t\t\t<div class=\"elementor-column elementor-col-50 elementor-top-column elementor-element elementor-element-0d57690\" data-id=\"0d57690\" data-element_type=\"column\" data-e-type=\"column\">\n\t\t\t<div class=\"elementor-widget-wrap elementor-element-populated\">\n\t\t\t\t\t\t<div class=\"elementor-element elementor-element-948abae elementor-arrows-position-inside elementor-widget elementor-widget-image-carousel\" data-id=\"948abae\" data-element_type=\"widget\" data-e-type=\"widget\" data-settings=\"{&quot;slides_to_show&quot;:&quot;1&quot;,&quot;navigation&quot;:&quot;arrows&quot;,&quot;autoplay&quot;:&quot;yes&quot;,&quot;pause_on_hover&quot;:&quot;yes&quot;,&quot;pause_on_interaction&quot;:&quot;yes&quot;,&quot;autoplay_speed&quot;:5000,&quot;infinite&quot;:&quot;yes&quot;,&quot;effect&quot;:&quot;slide&quot;,&quot;speed&quot;:500}\" data-widget_type=\"image-carousel.default\">\n\t\t\t\t<div class=\"elementor-widget-container\">\n\t\t\t\t\t\t\t<div class=\"elementor-image-carousel-wrapper swiper\" role=\"region\" aria-roledescription=\"carousel\" aria-label=\"Image Carousel\" dir=\"ltr\">\n\t\t\t<div class=\"elementor-image-carousel swiper-wrapper\" aria-live=\"off\">\n\t\t\t\t\t\t\t\t<div class=\"swiper-slide\" role=\"group\" aria-roledescription=\"slide\" aria-label=\"1 of 5\"><figure class=\"swiper-slide-inner\"><img decoding=\"async\" class=\"swiper-slide-image\" src=\"https:\/\/www.naturalmentepanama.com\/wp-content\/uploads\/playa-las-lajas-2.jpg\" alt=\"Playa Las Lajas\" \/><figcaption class=\"elementor-image-carousel-caption\">Playa Las Lajas<\/figcaption><\/figure><\/div><div class=\"swiper-slide\" role=\"group\" aria-roledescription=\"slide\" aria-label=\"2 of 5\"><figure class=\"swiper-slide-inner\"><img decoding=\"async\" class=\"swiper-slide-image\" src=\"https:\/\/www.naturalmentepanama.com\/wp-content\/uploads\/jardin-botanico.jpg\" alt=\"Giardino Botanico\" \/><figcaption class=\"elementor-image-carousel-caption\">Giardino Botanico<\/figcaption><\/figure><\/div><div class=\"swiper-slide\" role=\"group\" aria-roledescription=\"slide\" aria-label=\"3 of 5\"><figure class=\"swiper-slide-inner\"><img decoding=\"async\" class=\"swiper-slide-image\" src=\"https:\/\/www.naturalmentepanama.com\/wp-content\/uploads\/boca-chica.jpg\" alt=\"Boca Chica\" \/><figcaption class=\"elementor-image-carousel-caption\">Boca Chica<\/figcaption><\/figure><\/div><div class=\"swiper-slide\" role=\"group\" aria-roledescription=\"slide\" aria-label=\"4 of 5\"><figure class=\"swiper-slide-inner\"><img decoding=\"async\" class=\"swiper-slide-image\" src=\"https:\/\/www.naturalmentepanama.com\/wp-content\/uploads\/whale-watching.jpg\" alt=\"Coiba per avvistare le balene\" \/><figcaption class=\"elementor-image-carousel-caption\">Coiba per avvistare le balene<\/figcaption><\/figure><\/div><div class=\"swiper-slide\" role=\"group\" aria-roledescription=\"slide\" aria-label=\"5 of 5\"><figure class=\"swiper-slide-inner\"><img decoding=\"async\" class=\"swiper-slide-image\" src=\"https:\/\/www.naturalmentepanama.com\/wp-content\/uploads\/bocas-del-toto.jpg\" alt=\"Bocas del Toro\" \/><figcaption class=\"elementor-image-carousel-caption\">Bocas del Toro<\/figcaption><\/figure><\/div>\t\t\t<\/div>\n\t\t\t\t\t\t\t\t\t\t\t\t<div class=\"elementor-swiper-button elementor-swiper-button-prev\" role=\"button\" tabindex=\"0\">\n\t\t\t\t\t\t<svg aria-hidden=\"true\" class=\"e-font-icon-svg e-eicon-chevron-left\" viewBox=\"0 0 1000 1000\" xmlns=\"http:\/\/www.w3.org\/2000\/svg\"><path d=\"M646 125C629 125 613 133 604 142L308 442C296 454 292 471 292 487 292 504 296 521 308 533L604 854C617 867 629 875 646 875 663 875 679 871 692 858 704 846 713 829 713 812 713 796 708 779 692 767L438 487 692 225C700 217 708 204 708 187 708 171 704 154 692 142 675 129 663 125 646 125Z\"><\/path><\/svg>\t\t\t\t\t<\/div>\n\t\t\t\t\t<div class=\"elementor-swiper-button elementor-swiper-button-next\" role=\"button\" tabindex=\"0\">\n\t\t\t\t\t\t<svg aria-hidden=\"true\" class=\"e-font-icon-svg e-eicon-chevron-right\" viewBox=\"0 0 1000 1000\" xmlns=\"http:\/\/www.w3.org\/2000\/svg\"><path d=\"M696 533C708 521 713 504 713 487 713 471 708 454 696 446L400 146C388 133 375 125 354 125 338 125 325 129 313 142 300 154 292 171 292 187 292 204 296 221 308 233L563 492 304 771C292 783 288 800 288 817 288 833 296 850 308 863 321 871 338 875 354 875 371 875 388 867 400 854L696 533Z\"><\/path><\/svg>\t\t\t\t\t<\/div>\n\t\t\t\t\n\t\t\t\t\t\t\t\t\t<\/div>\n\t\t\t\t\t\t<\/div>\n\t\t\t\t<\/div>\n\t\t\t\t\t<\/div>\n\t\t<\/div>\n\t\t\t\t\t<\/div>\n\t\t<\/section>\n\t\t\t\t<section class=\"elementor-section elementor-top-section elementor-element elementor-element-098c694 elementor-section-boxed elementor-section-height-default elementor-section-height-default\" data-id=\"098c694\" data-element_type=\"section\" data-e-type=\"section\">\n\t\t\t\t\t\t<div class=\"elementor-container elementor-column-gap-default\">\n\t\t\t\t\t<div class=\"elementor-column elementor-col-100 elementor-top-column elementor-element elementor-element-64f3bea\" data-id=\"64f3bea\" data-element_type=\"column\" data-e-type=\"column\">\n\t\t\t<div class=\"elementor-widget-wrap elementor-element-populated\">\n\t\t\t\t\t\t<div class=\"elementor-element elementor-element-87558dd elementor-widget elementor-widget-heading\" data-id=\"87558dd\" data-element_type=\"widget\" data-e-type=\"widget\" data-widget_type=\"heading.default\">\n\t\t\t\t<div class=\"elementor-widget-container\">\n\t\t\t\t\t<p class=\"elementor-heading-title elementor-size-default\">1. Playa Las Lajas:<br>Dopo un percorso di soli 10 minuti raggiungerete la favolosa Playa Las Lajas dal vostro alloggio nel paese. La meravigliosa spiaggia che si estende per 14 chilometri \u00e8 una delle pi\u00f9 lunghe dell'America Centrale e vi invita per molti giorni a fare il bagno tra le onde del caldo Pacifico. Non \u00e8 raro avere la sensazione di essere gli unici vacanzieri a Panama, perch\u00e9 a volte la spiaggia \u00e8 deserta e appartiene solo a voi. Gli eventi indimenticabili di questa spiaggia sono le albe e i tramonti mozzafiato, che potete ammirare solo su poche spiagge del mondo nello stesso giorno. Qui potete spesso osservare pellicani, pappagalli, iguane e persino tartarughe e quindi, a volte, una fredda giornata in spiaggia si trasforma in un'esperienza unica nella natura. Se lo desiderate, potete fare una piacevole passeggiata o semplicemente rilassarvi al sole. <br><br>2. Jard\u00edn Bot\u00e1nico Las Lajas Adentro: <br>Nel Giardino Botanico i visitatori possono ammirare diverse specie di piante tropicali di tutto il Centro America e una grande variet\u00e0 di farfalle. Il cuore di questo giardino \u00e8 un enorme stagno con piante acquatiche e splendidi fiori autoctoni. Sentieri con panchine per riposarsi e percorsi adatti anche a persone con mobilit\u00e0 ridotta invitano a soffermarsi e sognare. All'interno dell'orto botanico \u00e8 presente un vivaio che garantisce la conservazione di questo luogo unico. Gli amanti della natura possono anche portarsi a casa un \"pezzo\" di giardino acquistando piante in vaso.<br><br>3. La Isleta (circa 20 minuti in auto da Las Lajas):<br>Se volete uscire dalla routine, fare qualcosa di unico e diverso e godere di una gastronomia e un servizio eccellenti, questo \u00e8 il posto giusto! \"La Isleta Agro Resort\" si trova nella provincia del Chiriqu\u00ed ed \u00e8 un'azienda agricola di 70 ettari con un ottimo ristorante immerso nella natura. Potete attraversare verdi prati, vedere cascate, paludi, ruscelli e conoscere l'esclusivo fiume Santiago. Inoltre \u00e8 possibile salire pi\u00f9 in alto, su una collina, per contemplare bellissimi panorami e diverse specie di uccelli. In breve, sar\u00e0 un'immersione totale in una splendida natura. Fate un respiro meraviglioso e godetevi la vita pura! Pura Vida a Panama! Per un'avventura sportiva, ci sono kayak a noleggio, cos\u00ec potete ammirare l'incredibile biodiversit\u00e0 e godere del meraviglioso clima direttamente dal fiume. Non \u00e8 raro incontrare curiosi caimani e coccodrilli. La \"Isleta\" offre anche tour di pesca artigianale lungo il fiume e gli estuari. E se amate il surf, potete andare a Isla Silva de Afuera o Morro Negrito, dove c'\u00e8 uno spot di surf di fama internazionale. Naturalmente Panama sar\u00e0 felice di assistervi o organizzare tour per voi!<br><br>4. El Nancito (a circa 20 minuti di auto da Las Lajas):<br>Se viaggiate a Panama, dovreste assolutamente visitare El Nancito nella nostra bellissima regione del Chiriqu\u00ed. C'\u00e8 un interessante parco archeologico, il petroglifo \"El Nancito\", dove potete passeggiare attraverso i reperti archeologici di questa regione, imparare a conoscere le popolazioni indigene dell'America Centrale e godere di panorami spettacolari della costa, delle isole e del mare aperto. \u00c8 il parco pi\u00f9 grande del Chiriqu\u00ed orientale, vi troverete petroglifi interessanti e rappresentativi del passato di Panama, situati a circa 200 metri sul livello del mare e sparsi in tutta l'area su roccia vulcanica. \n<br><br>5. Tour Cocaleca- passeggiate a cavallo sulla spiaggia di Las Lajas:<br>\nIndimenticabili passeggiate a cavallo direttamente sulla spiaggia! Non c'\u00e8 modo migliore per apprezzare la variet\u00e0 della natura che vi circonda e la bellezza dell'infinito Oceano pacifico. Lasciate semplicemente che la brezza marina vi accarezzi, che la vostra anima si libri nell'aria e godete il magico momento. Come i veri \"vaqueros\" potrete provare una sensazione di totale libert\u00e0 e scoprire una delle spiagge pi\u00f9 lunghe del Centro America e i suoi dintorni mozzafiato. \"Cowboy\" professionisti e accompagnatori esperti vi guideranno attraverso questa esperienza indimenticabile, adattandosi al vostro stile ed alle vostre esigenze. Per ulteriori informazioni e prenotazioni potete contattare Naturalmente Panama: un team disponibile e cordiale \u00e8 a vostra disposizione.<br><br>6. Gite in barca nel Parco Nazionale della Marina Chiriqu\u00ed (circa 1 ora in auto da Las Lajas):<br>Il Parco Nazionale comprende 25 isole e 19 bellissime barriere coralline. Qui, ovviamente, incontrerete anche palme tropicali e spiagge meravigliose. Scimmie urlatrici, aironi tigre, iguane verdi e molte altre specie animali vivono su queste isole. Le acque turchesi che le circondano ospitano una gran variet\u00e0 di pesci. Fra queste isole con le loro scogliere intatte e nelle numerose baie tranquille ci sono ambienti perfetti per lo snorkeling e le immersioni. Il \"Marina Park\" ospita anche altre impressionanti creature marine come tartarughe embricate e liuto, squali martello, squali pinna bianca, mante e delfini. Le balene scazzone partoriscono appena al largo da agosto a novembre, mettendo in mostra le loro dimensioni e la loro sorprendente bellezza.<br><br>Da Boca Chica, un piccolo villaggio di pescatori, una barca vi porter\u00e0 a visitare varie paradisiache isole, spesso deserte. Diversi fiumi sfociano nel mare a Boca Chica creando un labirinto di mangrovie che sono il posto ideale per osservare uccelli e rettili durante un tour in kayak. Dall'altra parte della baia di Boca Chica si trova Boca Brava, una grande isola con un'incredibile biodiversit\u00e0, numerosi sentieri escursionistici e spiagge di sabbia bianca.Un po' pi\u00f9 al largo ci sono alcune delle isole pi\u00f9 belle del parco: l'isola di San Jos\u00e9, l'isola di Bola\u00f1os, l'isola di G\u00e1mez e l'isola di Parida. La maggior parte di esse \u00e8 raggiungibile in barca in appena un'ora. Alcune delle isole pi\u00f9 lontane, tra cui l'isola Secas e l'isola Los Ladrones, sono circondate da acque cristalline. Anche la pesca d'altura \u00e8 molto popolare in questa zona ed \u00e8 predisposta da alcune agenzie turistiche locali. Saremo lieti di assistervi nell'organizzazione della vostra prossima paradisiaca vacanza.\n<\/p>\t\t\t\t<\/div>\n\t\t\t\t<\/div>\n\t\t\t\t\t<\/div>\n\t\t<\/div>\n\t\t\t\t\t<\/div>\n\t\t<\/section>\n\t\t\t\t<\/div>\n\t\t","protected":false},"excerpt":{"rendered":"<p>PANAMA IN VIAGGIO Godetevi Las Lajas, Playa Las Lajas e dintorni BED &amp; BREAKFAST RISTORANTE PIZZA WELLNESS VIAGGIO LAS LAJAS E IL TURISMO Turismo puro Las Lajas \u00e8 un luogo in cui il turismo \u00e8 iniziato di recente. Ci sono scelte limitate di hotel e ristoranti, ma tutti cercano di attirare sempre pi\u00f9 turisti da [&hellip;]<\/p>\n","protected":false},"author":1,"featured_media":0,"parent":0,"menu_order":0,"comment_status":"closed","ping_status":"closed","template":"","meta":{"footnotes":""},"class_list":["post-9446","page","type-page","status-publish","hentry"],"_links":{"self":[{"href":"https:\/\/www.naturalmentepanama.com\/it\/wp-json\/wp\/v2\/pages\/9446","targetHints":{"allow":["GET"]}}],"collection":[{"href":"https:\/\/www.naturalmentepanama.com\/it\/wp-json\/wp\/v2\/pages"}],"about":[{"href":"https:\/\/www.naturalmentepanama.com\/it\/wp-json\/wp\/v2\/types\/page"}],"author":[{"embeddable":true,"href":"https:\/\/www.naturalmentepanama.com\/it\/wp-json\/wp\/v2\/users\/1"}],"replies":[{"embeddable":true,"href":"https:\/\/www.naturalmentepanama.com\/it\/wp-json\/wp\/v2\/comments?post=9446"}],"version-history":[{"count":3,"href":"https:\/\/www.naturalmentepanama.com\/it\/wp-json\/wp\/v2\/pages\/9446\/revisions"}],"predecessor-version":[{"id":17073,"href":"https:\/\/www.naturalmentepanama.com\/it\/wp-json\/wp\/v2\/pages\/9446\/revisions\/17073"}],"wp:attachment":[{"href":"https:\/\/www.naturalmentepanama.com\/it\/wp-json\/wp\/v2\/media?parent=9446"}],"curies":[{"name":"wp","href":"https:\/\/api.w.org\/{rel}","templated":true}]}}